{"id":428,"date":"2023-07-20T18:55:10","date_gmt":"2023-07-20T21:55:10","guid":{"rendered":"https:\/\/www.ozone.com.br\/blog\/?page_id=428"},"modified":"2023-07-24T12:19:43","modified_gmt":"2023-07-24T15:19:43","slug":"a-ozone","status":"publish","type":"page","link":"https:\/\/www.ozone.com.br\/blog\/a-ozone\/","title":{"rendered":"A Ozone"},"content":{"rendered":"\t\t<div data-elementor-type=\"wp-page\" data-elementor-id=\"428\" class=\"elementor elementor-428\">\n\t\t\t\t\t\t\t\t\t<section class=\"elementor-section elementor-top-section elementor-element elementor-element-527cb74 elementor-section-boxed elementor-section-height-default elementor-section-height-default\" data-id=\"527cb74\" data-element_type=\"section\">\n\t\t\t\t\t\t<div class=\"elementor-container elementor-column-gap-default\">\n\t\t\t\t\t<div class=\"elementor-column elementor-col-100 elementor-top-column elementor-element elementor-element-85e62ca\" data-id=\"85e62ca\" data-element_type=\"column\">\n\t\t\t<div class=\"elementor-widget-wrap elementor-element-populated\">\n\t\t\t\t\t\t\t\t<div class=\"elementor-element elementor-element-7151e31 elementor-widget elementor-widget-spacer\" data-id=\"7151e31\" data-element_type=\"widget\" data-widget_type=\"spacer.default\">\n\t\t\t\t<div class=\"elementor-widget-container\">\n\t\t\t<style>\/*! elementor - v3.9.0 - 06-12-2022 *\/\n.elementor-column .elementor-spacer-inner{height:var(--spacer-size)}.e-con{--container-widget-width:100%}.e-con-inner>.elementor-widget-spacer,.e-con>.elementor-widget-spacer{width:var(--container-widget-width,var(--spacer-size));--align-self:var(--container-widget-align-self,initial);--flex-shrink:0}.e-con-inner>.elementor-widget-spacer>.elementor-widget-container,.e-con-inner>.elementor-widget-spacer>.elementor-widget-container>.elementor-spacer,.e-con>.elementor-widget-spacer>.elementor-widget-container,.e-con>.elementor-widget-spacer>.elementor-widget-container>.elementor-spacer{height:100%}.e-con-inner>.elementor-widget-spacer>.elementor-widget-container>.elementor-spacer>.elementor-spacer-inner,.e-con>.elementor-widget-spacer>.elementor-widget-container>.elementor-spacer>.elementor-spacer-inner{height:var(--container-widget-height,var(--spacer-size))}<\/style>\t\t<div class=\"elementor-spacer\">\n\t\t\t<div class=\"elementor-spacer-inner\"><\/div>\n\t\t<\/div>\n\t\t\t\t<\/div>\n\t\t\t\t<\/div>\n\t\t\t\t<div class=\"elementor-element elementor-element-3a0ba57 elementor-widget elementor-widget-text-editor\" data-id=\"3a0ba57\" data-element_type=\"widget\" data-widget_type=\"text-editor.default\">\n\t\t\t\t<div class=\"elementor-widget-container\">\n\t\t\t<style>\/*! elementor - v3.9.0 - 06-12-2022 *\/\n.elementor-widget-text-editor.elementor-drop-cap-view-stacked .elementor-drop-cap{background-color:#818a91;color:#fff}.elementor-widget-text-editor.elementor-drop-cap-view-framed .elementor-drop-cap{color:#818a91;border:3px solid;background-color:transparent}.elementor-widget-text-editor:not(.elementor-drop-cap-view-default) .elementor-drop-cap{margin-top:8px}.elementor-widget-text-editor:not(.elementor-drop-cap-view-default) .elementor-drop-cap-letter{width:1em;height:1em}.elementor-widget-text-editor .elementor-drop-cap{float:left;text-align:center;line-height:1;font-size:50px}.elementor-widget-text-editor .elementor-drop-cap-letter{display:inline-block}<\/style>\t\t\t\t<p>Desperte o poder da sua marca e conquiste o mercado com a Ozone Marketing e Design! Somos uma ag\u00eancia especializada em transformar a vis\u00e3o do seu neg\u00f3cio em uma comunica\u00e7\u00e3o irresist\u00edvel, capaz de atrair e reter clientes qualificados. Nossa expertise est\u00e1 em criar estrat\u00e9gias personalizadas que direcionam sua mensagem ao p\u00fablico certo, gerando valor para seus clientes e impulsionando o crescimento da sua marca.<\/p>\n<p><br \/>Com uma combina\u00e7\u00e3o \u00fanica de criatividade e intelig\u00eancia estrat\u00e9gica, nossa equipe talentosa est\u00e1 pronta para elevar sua presen\u00e7a no mercado. Seja voc\u00ea um empreendedor ambicioso, uma startup em busca de diferencia\u00e7\u00e3o ou uma empresa estabelecida em busca de reinven\u00e7\u00e3o, n\u00f3s sabemos como posicionar sua marca de forma memor\u00e1vel e eficaz.<\/p>\n<p><br \/>Na Ozone, entendemos que o sucesso est\u00e1 al\u00e9m de simplesmente comunicar. Buscamos entender profundamente sua empresa, sua miss\u00e3o e seus objetivos, para desenvolver solu\u00e7\u00f5es sob medida que se conectem emocionalmente com seu p\u00fablico-alvo. Utilizamos t\u00e9cnicas de design inovadoras e estrat\u00e9gias de marketing inteligentes para criar uma identidade visual marcante, mensagens persuasivas e uma presen\u00e7a online que se destaque da concorr\u00eancia.<\/p>\n<p><br \/>Queremos que seu neg\u00f3cio prospere. Entre em contato conosco agora mesmo e descubra como podemos impulsionar sua marca para o sucesso. Vamos juntos transformar sua vis\u00e3o em realidade, atraindo e retendo clientes valiosos enquanto constru\u00edmos uma base s\u00f3lida para o crescimento cont\u00ednuo. Estamos ansiosos para colaborar com voc\u00ea!<\/p>\t\t\t\t\t\t<\/div>\n\t\t\t\t<\/div>\n\t\t\t\t\t<\/div>\n\t\t<\/div>\n\t\t\t\t\t\t\t<\/div>\n\t\t<\/section>\n\t\t\t\t\t\t\t<\/div>\n\t\t","protected":false},"excerpt":{"rendered":"<p>Desperte o poder da sua marca e conquiste o mercado com a Ozone Marketing e Design! Somos uma ag\u00eancia especializada em transformar a vis\u00e3o do seu neg\u00f3cio em uma comunica\u00e7\u00e3o irresist\u00edvel, capaz de atrair e reter clientes qualificados. Nossa expertise est\u00e1 em criar estrat\u00e9gias personalizadas que direcionam sua mensagem ao p\u00fablico certo, gerando valor para [&hellip;]<\/p>\n","protected":false},"author":5,"featured_media":0,"parent":0,"menu_order":0,"comment_status":"closed","ping_status":"closed","template":"","meta":{"_et_pb_use_builder":"","_et_pb_old_content":"","_et_gb_content_width":"","_joinchat":[]},"_links":{"self":[{"href":"https:\/\/www.ozone.com.br\/blog\/wp-json\/wp\/v2\/pages\/428"}],"collection":[{"href":"https:\/\/www.ozone.com.br\/blog\/wp-json\/wp\/v2\/pages"}],"about":[{"href":"https:\/\/www.ozone.com.br\/blog\/wp-json\/wp\/v2\/types\/page"}],"author":[{"embeddable":true,"href":"https:\/\/www.ozone.com.br\/blog\/wp-json\/wp\/v2\/users\/5"}],"replies":[{"embeddable":true,"href":"https:\/\/www.ozone.com.br\/blog\/wp-json\/wp\/v2\/comments?post=428"}],"version-history":[{"count":19,"href":"https:\/\/www.ozone.com.br\/blog\/wp-json\/wp\/v2\/pages\/428\/revisions"}],"predecessor-version":[{"id":465,"href":"https:\/\/www.ozone.com.br\/blog\/wp-json\/wp\/v2\/pages\/428\/revisions\/465"}],"wp:attachment":[{"href":"https:\/\/www.ozone.com.br\/blog\/wp-json\/wp\/v2\/media?parent=428"}],"curies":[{"name":"wp","href":"https:\/\/api.w.org\/{rel}","templated":true}]}}